{"id":138,"date":"2020-03-21T19:18:14","date_gmt":"2020-03-21T17:18:14","guid":{"rendered":"http:\/\/intelligentassistance.ro\/?page_id=138"},"modified":"2020-03-21T19:24:11","modified_gmt":"2020-03-21T17:24:11","slug":"indicatii-de-start","status":"publish","type":"page","link":"https:\/\/intelligentassistance.ro\/index.php\/indicatii-de-start\/","title":{"rendered":"Indica\u021bii de start"},"content":{"rendered":"\n<div dir=\"auto\">Prima dat\u0103 v\u0103 verifica\u021bi profilul de pe platform\u0103.<\/div>\n<div dir=\"auto\">Apoi crea\u021bi cursurile pe care le ve\u021bi reg\u0103siri \u00een <b>cursurile mele.<\/b><\/div>\n<div dir=\"auto\">De exemplu, matematica clasa a 8, fizica clasa a xii, limba romana clasa a ix , iar \u00een cadrul lor \u00eenc\u0103rca\u021bi \u00een documente lec\u021bii \u00een format pdf, precum:<\/div>\n<div dir=\"auto\">for\u021ba de frecare, numitorul comun, substantivul \u0219i verbul,\u00a0 marin preda&#8230; etc pe care le face\u021bi vizibile sau nu.<\/div>\n<div dir=\"auto\">Stabili\u021bi propriet\u0103\u021bile la set\u0103rile cursului, mai ales <b>accesul la curs<\/b>.<\/div>\n<div dir=\"auto\"><b>E de preferat s\u0103 \u00eel ar\u0103ta\u021bi doar grupurilor (adic\u0103 clasele) unde \u00eel preda\u021bi.<\/b><\/div>\n<div dir=\"auto\">Acest lucru \u00eel face\u021bi la <b>acces cur<\/b>s.<\/div>\n<div dir=\"auto\"><b>Grupurile \u00eenseamn\u0103 clasa. de exemplu (clasa a XI <\/b><b>2019\u00a0 liceul Ion Creanga , sau clasa a VII <\/b><b>2019 \u0219coala Lilieci etc)<br \/><\/b><\/div>\n<div dir=\"auto\">Apoi la pictograma <b>utilizatori <\/b>ad\u0103uga\u021bi elevii pe care \u00eei identifica\u021bi dup\u0103 email.<\/div>\n<div dir=\"auto\"><b>Elevii se \u00eenregistreaz\u0103 singuri pe platform\u0103<\/b> ap\u0103s\u00e2nd <b>sign up<\/b> pe pagina de logare .<\/div>\n<div dir=\"auto\">Crea\u021bi apoi <b>grupurile adic\u0103 clasele<\/b>.<\/div>\n<div dir=\"auto\">Edita\u021bi grupul respectiv cu <b>propriet\u0103\u021bi <\/b>\u0219i <b>membri<\/b>.<\/div>\n<div dir=\"auto\">Ad\u0103uga\u021bi la <b>membri grupului<\/b> elevii pe care ia-\u021bi asociat dumneavoastr\u0103 la acest curs.<\/div>\n<div dir=\"auto\">Adic\u0103 din to\u021bi elevii pe care \u00eei ave\u021bi acum \u00eei pune\u021bi pe clase.<\/div>\n<div dir=\"auto\"><b>Repet grupurile \u00eenseamn\u0103 clase, nu altceva. <\/b><\/div>\n<div dir=\"auto\">Apoi la documente \u00eencerca\u021bi fi\u0219iere pdf cu lec\u021bii, alte documente, ce considera\u021bi pentru acest curs.<\/div>\n<div dir=\"auto\">\u00cen <b>dropbox <\/b>ve\u021bi g\u0103si referatele \u00eenc\u0103rcate de elevi,<\/div>\n<div dir=\"auto\">\u00cen <b>linkuri <\/b>pune\u021bi diverse adrese de pe internet unde considera\u021bi c\u0103 elevii pot vedea un film de pe Youtube, etc.<\/div>\n<p>Pute\u021bi alc\u0103tui foarte u\u0219or mai multe tipuri de chestionare, exerci\u021bii sau sondaje pe care le face\u021bi vizibile la o anumit data \u0219i ora pentru un anumit grup adic\u0103 clasa. Setarile la <b>PARAMETRI AVANSATI<\/b><\/p>\n<p>Pentru a mai putea folosi acest exerci\u021biu \u0219i alta data \u00eel pute\u021bi duplica \u0219i apoi dac\u0103 dori pute\u021bi schimba u\u0219or ordinea r\u0103spunsurilor.<\/p>\n<p>ELEVII VOR FI ANUN\u021aA\u021aI SA SE \u00ceNREGISTREZE PE PAGINA DE ACCES PE PLATFORMA AP\u0102S\u00c2ND PE <strong>Sign UP<\/strong><b><\/b>, SI COMPLETEAZA FORMULARUL.<\/p>\n<p><b><span style=\"color: #ff0000;\">Stima\u021bi profesori, nu \u00een ideea de a v\u0103 influen\u021ba alc\u0103tuirea cursurilor vin cu exemplu de lucru.<br \/>Creez un curs care se nume\u0219te &#8222;fizica clasa a 11&#8221; \u0219i acolo introduc toate materialele necesare pentru lectur\u0103 in documente. Apoi \u00eenregistrez la utilizatori to\u021bi elevi de clasa a 11 din toate unit\u0103\u021bile de \u00eenv\u0103\u021b\u0103m\u00e2nt \u00een care predau. Apoi creez grupurile de lucru, cum ar fi &#8222;clasa 11 a liceul x anul 2019&#8243;, &#8221; clasa 11 b colegiul y 2019&#8243;. In aceste grupuri adaug membri. Exerci\u021biile create se pot activa spre un grup in func\u021bie de cum dorim, c\u00e2nd \u0219i c\u00e2t timp vrea profesorul. Exerci\u021biile se pot duplica dac\u0103 vrem s\u0103 schimb\u0103m ordinea r\u0103spunsurilor etc.<br \/>At\u00e2t la \u00eenregistrarea utilizatorilor din curs cat \u0219i la ad\u0103ugarea membrilor grupurilor identificarea lor se face cu ajutorul emailului care e unic pentru fiecare elev.<br \/>Succes.<\/span><\/b><\/p>\n","protected":false},"excerpt":{"rendered":"<p>Prima dat\u0103 v\u0103 verifica\u021bi profilul de pe platform\u0103. Apoi crea\u021bi cursurile pe care le ve\u021bi reg\u0103siri \u00een cursurile mele. De exemplu, matematica clasa a 8, fizica clasa a xii, limba romana clasa a ix , iar \u00een cadrul lor \u00eenc\u0103rca\u021bi&hellip;<\/p>\n","protected":false},"author":1,"featured_media":0,"parent":0,"menu_order":0,"comment_status":"closed","ping_status":"closed","template":"","meta":{"footnotes":""},"class_list":["post-138","page","type-page","status-publish","hentry"],"_links":{"self":[{"href":"https:\/\/intelligentassistance.ro\/index.php\/wp-json\/wp\/v2\/pages\/138","targetHints":{"allow":["GET"]}}],"collection":[{"href":"https:\/\/intelligentassistance.ro\/index.php\/wp-json\/wp\/v2\/pages"}],"about":[{"href":"https:\/\/intelligentassistance.ro\/index.php\/wp-json\/wp\/v2\/types\/page"}],"author":[{"embeddable":true,"href":"https:\/\/intelligentassistance.ro\/index.php\/wp-json\/wp\/v2\/users\/1"}],"replies":[{"embeddable":true,"href":"https:\/\/intelligentassistance.ro\/index.php\/wp-json\/wp\/v2\/comments?post=138"}],"version-history":[{"count":2,"href":"https:\/\/intelligentassistance.ro\/index.php\/wp-json\/wp\/v2\/pages\/138\/revisions"}],"predecessor-version":[{"id":140,"href":"https:\/\/intelligentassistance.ro\/index.php\/wp-json\/wp\/v2\/pages\/138\/revisions\/140"}],"wp:attachment":[{"href":"https:\/\/intelligentassistance.ro\/index.php\/wp-json\/wp\/v2\/media?parent=138"}],"curies":[{"name":"wp","href":"https:\/\/api.w.org\/{rel}","templated":true}]}}